{"id":1307,"date":"2018-03-29T18:30:42","date_gmt":"2018-03-29T16:30:42","guid":{"rendered":"http:\/\/www.hoki-sushi-paris.com\/?page_id=1307"},"modified":"2020-04-13T19:44:10","modified_gmt":"2020-04-13T17:44:10","slug":"ceviche","status":"publish","type":"page","link":"https:\/\/www.hoki-sushi-paris.com\/index.php\/carte\/ceviche\/","title":{"rendered":"CEVICHE"},"content":{"rendered":"<p>Marinade \u00e0 la sauce yuzu qui cuit l\u00e9g\u00e8rement le poisson (10 tranches)<\/p>\n<p>&nbsp;<\/p>\n<div class=\"mprm-container mprm-shortcode-items mprm-view-grid\">\n\t\t\t\t<div class=\"mprm-row\">\n\t\t\t\t<div class=\"mprm-remove-hentry mprm-columns mprm-three post-1209 mp_menu_item type-mp_menu_item status-publish has-post-thumbnail mp_menu_category-ceviche mp_ingredient-10-tranches-de-saumon mp_ingredient-chili-pepper mp_ingredient-coriandre mp_ingredient-epice-ou-non-epice mp_ingredient-la-marinade-a-la-sauce-yuzu-cuit-legerement-le-poisson mp_ingredient-oignon-rouge mp_ingredient-poivron-rouge mp_ingredient-poivron-vert mp_ingredient-sauce-yuzu mp_ingredient-tobiko-orange mprm-theme-mode mp-menu-item\">\n\t\t<img width=\"400\" height=\"300\" src=\"https:\/\/www.hoki-sushi-paris.com\/wp-content\/uploads\/2018\/03\/ceviche_thon-400x300.jpg\" class=\"mprm-image\" alt=\"\" loading=\"lazy\" \/>\n\t<div class=\"mprm-content-container mprm-title\">\n\t\t\t\t\t<b>Ceviche saumon<\/b>\n\t\t\t<\/div>\n\n\t<div class=\"mprm-ingredients mprm-content-container\">\n\t\t\t\t\t\t\t\t<span class=\"mprm-ingredient\">10 tranches de saumon<\/span>\n\t\t\t\t<span class=\"mprm-ingredients-delimiter\">\/<\/span>\n\t\t\t\t\t\t\t<span class=\"mprm-ingredient\">Chili pepper<\/span>\n\t\t\t\t<span class=\"mprm-ingredients-delimiter\">\/<\/span>\n\t\t\t\t\t\t\t<span class=\"mprm-ingredient\">Coriandre<\/span>\n\t\t\t\t<span class=\"mprm-ingredients-delimiter\">\/<\/span>\n\t\t\t\t\t\t\t<span class=\"mprm-ingredient\">Epic\u00e9 ou non \u00e9pic\u00e9<\/span>\n\t\t\t\t<span class=\"mprm-ingredients-delimiter\">\/<\/span>\n\t\t\t\t\t\t\t<span class=\"mprm-ingredient\">La marinade \u00e0 la sauce yuzu cuit l\u00e9g\u00e8rement le poisson<\/span>\n\t\t\t\t<span class=\"mprm-ingredients-delimiter\">\/<\/span>\n\t\t\t\t\t\t\t<span class=\"mprm-ingredient\">Oignon rouge<\/span>\n\t\t\t\t<span class=\"mprm-ingredients-delimiter\">\/<\/span>\n\t\t\t\t\t\t\t<span class=\"mprm-ingredient\">Poivron rouge<\/span>\n\t\t\t\t<span class=\"mprm-ingredients-delimiter\">\/<\/span>\n\t\t\t\t\t\t\t<span class=\"mprm-ingredient\">Poivron vert<\/span>\n\t\t\t\t<span class=\"mprm-ingredients-delimiter\">\/<\/span>\n\t\t\t\t\t\t\t<span class=\"mprm-ingredient\">Sauce yuzu<\/span>\n\t\t\t\t<span class=\"mprm-ingredients-delimiter\">\/<\/span>\n\t\t\t\t\t\t\t<span class=\"mprm-ingredient\">Tobiko orange<\/span>\n\t\t\t\t<span class=\"mprm-ingredients-delimiter\">\/<\/span>\n\t\t\t\t<\/div>\n\t\t\t<div class=\"mprm-content-container\">\r\n\t\t\t<div class=\"mprm-price-container\">\r\n\t\t\t\t<span class=\"mprm-price\">&euro;14.50<\/span>\r\n\t\t\t<\/div>\r\n\t\t<\/div>\r\n\t\t<\/div>\n\t\t\t<div class=\"mprm-remove-hentry mprm-columns mprm-three post-1211 mp_menu_item type-mp_menu_item status-publish has-post-thumbnail mp_menu_category-ceviche mp_ingredient-10-tranches-de-thon mp_ingredient-chili-pepper mp_ingredient-coriandre mp_ingredient-epice-ou-non-epice mp_ingredient-la-marinade-a-la-sauce-yuzu-cuit-legerement-le-poisson mp_ingredient-oignon-rouge mp_ingredient-poivron-rouge mp_ingredient-poivron-vert mp_ingredient-sauce-yuzu mp_ingredient-tobiko-orange mprm-theme-mode mp-menu-item\">\n\t\t<img width=\"400\" height=\"300\" src=\"https:\/\/www.hoki-sushi-paris.com\/wp-content\/uploads\/2018\/03\/ceviche_thon-400x300.jpg\" class=\"mprm-image\" alt=\"\" loading=\"lazy\" \/>\n\t<div class=\"mprm-content-container mprm-title\">\n\t\t\t\t\t<b>Ceviche thon<\/b>\n\t\t\t<\/div>\n\n\t<div class=\"mprm-ingredients mprm-content-container\">\n\t\t\t\t\t\t\t\t<span class=\"mprm-ingredient\">10 tranches de thon<\/span>\n\t\t\t\t<span class=\"mprm-ingredients-delimiter\">\/<\/span>\n\t\t\t\t\t\t\t<span class=\"mprm-ingredient\">Chili pepper<\/span>\n\t\t\t\t<span class=\"mprm-ingredients-delimiter\">\/<\/span>\n\t\t\t\t\t\t\t<span class=\"mprm-ingredient\">Coriandre<\/span>\n\t\t\t\t<span class=\"mprm-ingredients-delimiter\">\/<\/span>\n\t\t\t\t\t\t\t<span class=\"mprm-ingredient\">Epic\u00e9 ou non \u00e9pic\u00e9<\/span>\n\t\t\t\t<span class=\"mprm-ingredients-delimiter\">\/<\/span>\n\t\t\t\t\t\t\t<span class=\"mprm-ingredient\">La marinade \u00e0 la sauce yuzu cuit l\u00e9g\u00e8rement le poisson<\/span>\n\t\t\t\t<span class=\"mprm-ingredients-delimiter\">\/<\/span>\n\t\t\t\t\t\t\t<span class=\"mprm-ingredient\">Oignon rouge<\/span>\n\t\t\t\t<span class=\"mprm-ingredients-delimiter\">\/<\/span>\n\t\t\t\t\t\t\t<span class=\"mprm-ingredient\">Poivron rouge<\/span>\n\t\t\t\t<span class=\"mprm-ingredients-delimiter\">\/<\/span>\n\t\t\t\t\t\t\t<span class=\"mprm-ingredient\">Poivron vert<\/span>\n\t\t\t\t<span class=\"mprm-ingredients-delimiter\">\/<\/span>\n\t\t\t\t\t\t\t<span class=\"mprm-ingredient\">Sauce yuzu<\/span>\n\t\t\t\t<span class=\"mprm-ingredients-delimiter\">\/<\/span>\n\t\t\t\t\t\t\t<span class=\"mprm-ingredient\">Tobiko orange<\/span>\n\t\t\t\t<span class=\"mprm-ingredients-delimiter\">\/<\/span>\n\t\t\t\t<\/div>\n\t\t\t<div class=\"mprm-content-container\">\r\n\t\t\t<div class=\"mprm-price-container\">\r\n\t\t\t\t<span class=\"mprm-price\">&euro;14.50<\/span>\r\n\t\t\t<\/div>\r\n\t\t<\/div>\r\n\t\t<\/div>\n\t\t\t<div class=\"mprm-remove-hentry mprm-columns mprm-three post-1212 mp_menu_item type-mp_menu_item status-publish has-post-thumbnail mp_menu_category-ceviche mp_ingredient-10-tranches-de-daurade mp_ingredient-chili-pepper mp_ingredient-coriandre mp_ingredient-epice-ou-non-epice mp_ingredient-la-marinade-a-la-sauce-yuzu-cuit-legerement-le-poisson mp_ingredient-oignon-rouge mp_ingredient-poivron-rouge mp_ingredient-poivron-vert mp_ingredient-sauce-yuzu mp_ingredient-tobiko-orange mprm-theme-mode mp-menu-item\">\n\t\t<img width=\"400\" height=\"300\" src=\"https:\/\/www.hoki-sushi-paris.com\/wp-content\/uploads\/2018\/03\/ceviche_daurade-400x300.jpg\" class=\"mprm-image\" alt=\"\" loading=\"lazy\" \/>\n\t<div class=\"mprm-content-container mprm-title\">\n\t\t\t\t\t<b>Ceviche daurade<\/b>\n\t\t\t<\/div>\n\n\t<div class=\"mprm-ingredients mprm-content-container\">\n\t\t\t\t\t\t\t\t<span class=\"mprm-ingredient\">10 tranches de daurade<\/span>\n\t\t\t\t<span class=\"mprm-ingredients-delimiter\">\/<\/span>\n\t\t\t\t\t\t\t<span class=\"mprm-ingredient\">Chili pepper<\/span>\n\t\t\t\t<span class=\"mprm-ingredients-delimiter\">\/<\/span>\n\t\t\t\t\t\t\t<span class=\"mprm-ingredient\">Coriandre<\/span>\n\t\t\t\t<span class=\"mprm-ingredients-delimiter\">\/<\/span>\n\t\t\t\t\t\t\t<span class=\"mprm-ingredient\">Epic\u00e9 ou non \u00e9pic\u00e9<\/span>\n\t\t\t\t<span class=\"mprm-ingredients-delimiter\">\/<\/span>\n\t\t\t\t\t\t\t<span class=\"mprm-ingredient\">La marinade \u00e0 la sauce yuzu cuit l\u00e9g\u00e8rement le poisson<\/span>\n\t\t\t\t<span class=\"mprm-ingredients-delimiter\">\/<\/span>\n\t\t\t\t\t\t\t<span class=\"mprm-ingredient\">Oignon rouge<\/span>\n\t\t\t\t<span class=\"mprm-ingredients-delimiter\">\/<\/span>\n\t\t\t\t\t\t\t<span class=\"mprm-ingredient\">Poivron rouge<\/span>\n\t\t\t\t<span class=\"mprm-ingredients-delimiter\">\/<\/span>\n\t\t\t\t\t\t\t<span class=\"mprm-ingredient\">Poivron vert<\/span>\n\t\t\t\t<span class=\"mprm-ingredients-delimiter\">\/<\/span>\n\t\t\t\t\t\t\t<span class=\"mprm-ingredient\">Sauce yuzu<\/span>\n\t\t\t\t<span class=\"mprm-ingredients-delimiter\">\/<\/span>\n\t\t\t\t\t\t\t<span class=\"mprm-ingredient\">Tobiko orange<\/span>\n\t\t\t\t<span class=\"mprm-ingredients-delimiter\">\/<\/span>\n\t\t\t\t<\/div>\n\t\t\t<div class=\"mprm-content-container\">\r\n\t\t\t<div class=\"mprm-price-container\">\r\n\t\t\t\t<span class=\"mprm-price\">&euro;14.50<\/span>\r\n\t\t\t<\/div>\r\n\t\t<\/div>\r\n\t\t<\/div>\n\t\t\t\t<\/div>\n\t\t<\/div>\n","protected":false},"excerpt":{"rendered":"<p>Marinade \u00e0 la sauce yuzu qui cuit l\u00e9g\u00e8rement le poisson (10 tranches) &nbsp;<\/p>\n","protected":false},"author":1,"featured_media":1210,"parent":29,"menu_order":0,"comment_status":"closed","ping_status":"closed","template":"","meta":[],"_links":{"self":[{"href":"https:\/\/www.hoki-sushi-paris.com\/index.php\/wp-json\/wp\/v2\/pages\/1307"}],"collection":[{"href":"https:\/\/www.hoki-sushi-paris.com\/index.php\/wp-json\/wp\/v2\/pages"}],"about":[{"href":"https:\/\/www.hoki-sushi-paris.com\/index.php\/wp-json\/wp\/v2\/types\/page"}],"author":[{"embeddable":true,"href":"https:\/\/www.hoki-sushi-paris.com\/index.php\/wp-json\/wp\/v2\/users\/1"}],"replies":[{"embeddable":true,"href":"https:\/\/www.hoki-sushi-paris.com\/index.php\/wp-json\/wp\/v2\/comments?post=1307"}],"version-history":[{"count":5,"href":"https:\/\/www.hoki-sushi-paris.com\/index.php\/wp-json\/wp\/v2\/pages\/1307\/revisions"}],"predecessor-version":[{"id":1487,"href":"https:\/\/www.hoki-sushi-paris.com\/index.php\/wp-json\/wp\/v2\/pages\/1307\/revisions\/1487"}],"up":[{"embeddable":true,"href":"https:\/\/www.hoki-sushi-paris.com\/index.php\/wp-json\/wp\/v2\/pages\/29"}],"wp:featuredmedia":[{"embeddable":true,"href":"https:\/\/www.hoki-sushi-paris.com\/index.php\/wp-json\/wp\/v2\/media\/1210"}],"wp:attachment":[{"href":"https:\/\/www.hoki-sushi-paris.com\/index.php\/wp-json\/wp\/v2\/media?parent=1307"}],"curies":[{"name":"wp","href":"https:\/\/api.w.org\/{rel}","templated":true}]}}