{"id":1301,"date":"2018-03-29T18:26:11","date_gmt":"2018-03-29T16:26:11","guid":{"rendered":"http:\/\/www.hoki-sushi-paris.com\/?page_id=1301"},"modified":"2022-10-11T00:02:56","modified_gmt":"2022-10-10T22:02:56","slug":"nos-sushi","status":"publish","type":"page","link":"https:\/\/www.hoki-sushi-paris.com\/index.php\/carte\/nos-sushi\/","title":{"rendered":"SUSHI"},"content":{"rendered":"<p>Servis par 2 pi\u00e8ces &#8211; D\u00e9licieux canap\u00e9s de riz avec des garnitures crues ou cuites<\/p>\n<p>&nbsp;<\/p>\n<div class=\"mprm-container mprm-shortcode-items mprm-view-grid\">\n\t\t\t\t<div class=\"mprm-row\">\n\t\t\t\t<div class=\"mprm-remove-hentry mprm-columns mprm-three post-107 mp_menu_item type-mp_menu_item status-publish has-post-thumbnail mp_menu_category-sushi mprm-theme-mode mp-menu-item\">\n\t\t<img width=\"400\" height=\"300\" src=\"https:\/\/www.hoki-sushi-paris.com\/wp-content\/uploads\/2018\/03\/SU1_saumon-400x300.jpg\" class=\"mprm-image\" alt=\"\" loading=\"lazy\" \/>\n\t<div class=\"mprm-content-container mprm-title\">\n\t\t\t\t\t<b>SU1 - Sushi saumon<\/b>\n\t\t\t<\/div>\n\n\t\t<div class=\"mprm-content-container\">\r\n\t\t\t<div class=\"mprm-price-container\">\r\n\t\t\t\t<span class=\"mprm-price\">&euro;4.50<\/span>\r\n\t\t\t<\/div>\r\n\t\t<\/div>\r\n\t\t<\/div>\n\t\t\t<div class=\"mprm-remove-hentry mprm-columns mprm-three post-108 mp_menu_item type-mp_menu_item status-publish has-post-thumbnail mp_menu_category-sushi mprm-theme-mode mp-menu-item\">\n\t\t<img width=\"400\" height=\"300\" src=\"https:\/\/www.hoki-sushi-paris.com\/wp-content\/uploads\/2018\/03\/SU2_thon-400x300.jpg\" class=\"mprm-image\" alt=\"\" loading=\"lazy\" \/>\n\t<div class=\"mprm-content-container mprm-title\">\n\t\t\t\t\t<b>SU2 - Sushi thon<\/b>\n\t\t\t<\/div>\n\n\t\t<div class=\"mprm-content-container\">\r\n\t\t\t<div class=\"mprm-price-container\">\r\n\t\t\t\t<span class=\"mprm-price\">&euro;5.50<\/span>\r\n\t\t\t<\/div>\r\n\t\t<\/div>\r\n\t\t<\/div>\n\t\t\t<div class=\"mprm-remove-hentry mprm-columns mprm-three post-109 mp_menu_item type-mp_menu_item status-publish has-post-thumbnail mp_menu_category-sushi mprm-theme-mode mp-menu-item\">\n\t\t<img width=\"400\" height=\"300\" src=\"https:\/\/www.hoki-sushi-paris.com\/wp-content\/uploads\/2018\/03\/SU3_daurade-400x300.jpg\" class=\"mprm-image\" alt=\"\" loading=\"lazy\" \/>\n\t<div class=\"mprm-content-container mprm-title\">\n\t\t\t\t\t<b>SU3 - Sushi daurade<\/b>\n\t\t\t<\/div>\n\n\t\t<div class=\"mprm-content-container\">\r\n\t\t\t<div class=\"mprm-price-container\">\r\n\t\t\t\t<span class=\"mprm-price\">&euro;5.00<\/span>\r\n\t\t\t<\/div>\r\n\t\t<\/div>\r\n\t\t<\/div>\n\t\t\t<div class=\"mprm-remove-hentry mprm-columns mprm-three post-110 mp_menu_item type-mp_menu_item status-publish has-post-thumbnail mp_menu_category-sushi mprm-theme-mode mp-menu-item\">\n\t\t<img width=\"400\" height=\"300\" src=\"https:\/\/www.hoki-sushi-paris.com\/wp-content\/uploads\/2018\/03\/SU4_maquereau-400x300.jpg\" class=\"mprm-image\" alt=\"\" loading=\"lazy\" \/>\n\t<div class=\"mprm-content-container mprm-title\">\n\t\t\t\t\t<b>SU4 - Sushi maquereau<\/b>\n\t\t\t<\/div>\n\n\t\t<div class=\"mprm-content-container\">\r\n\t\t\t<div class=\"mprm-price-container\">\r\n\t\t\t\t<span class=\"mprm-price\">&euro;5.00<\/span>\r\n\t\t\t<\/div>\r\n\t\t<\/div>\r\n\t\t<\/div>\n\t\t\t\t<\/div>\n\t\t\t\t\t<div class=\"mprm-row\">\n\t\t\t\t<div class=\"mprm-remove-hentry mprm-columns mprm-three post-111 mp_menu_item type-mp_menu_item status-publish has-post-thumbnail mp_menu_category-sushi mprm-theme-mode mp-menu-item\">\n\t\t<img width=\"400\" height=\"300\" src=\"https:\/\/www.hoki-sushi-paris.com\/wp-content\/uploads\/2018\/03\/SU5_crevettes-400x300.jpg\" class=\"mprm-image\" alt=\"\" loading=\"lazy\" \/>\n\t<div class=\"mprm-content-container mprm-title\">\n\t\t\t\t\t<b>SU5 - Sushi crevettes<\/b>\n\t\t\t<\/div>\n\n\t\t<div class=\"mprm-content-container\">\r\n\t\t\t<div class=\"mprm-price-container\">\r\n\t\t\t\t<span class=\"mprm-price\">&euro;5.00<\/span>\r\n\t\t\t<\/div>\r\n\t\t<\/div>\r\n\t\t<\/div>\n\t\t\t<div class=\"mprm-remove-hentry mprm-columns mprm-three post-112 mp_menu_item type-mp_menu_item status-publish has-post-thumbnail mp_menu_category-sushi mprm-theme-mode mp-menu-item\">\n\t\t<img width=\"400\" height=\"300\" src=\"https:\/\/www.hoki-sushi-paris.com\/wp-content\/uploads\/2018\/03\/SU6_poulpe-400x300.jpg\" class=\"mprm-image\" alt=\"\" loading=\"lazy\" \/>\n\t<div class=\"mprm-content-container mprm-title\">\n\t\t\t\t\t<b>SU6 - Sushi poulpe<\/b>\n\t\t\t<\/div>\n\n\t\t<div class=\"mprm-content-container\">\r\n\t\t\t<div class=\"mprm-price-container\">\r\n\t\t\t\t<span class=\"mprm-price\">&euro;5.50<\/span>\r\n\t\t\t<\/div>\r\n\t\t<\/div>\r\n\t\t<\/div>\n\t\t\t<div class=\"mprm-remove-hentry mprm-columns mprm-three post-123 mp_menu_item type-mp_menu_item status-publish has-post-thumbnail mp_menu_category-sushi mprm-theme-mode mp-menu-item\">\n\t\t<img width=\"400\" height=\"300\" src=\"https:\/\/www.hoki-sushi-paris.com\/wp-content\/uploads\/2018\/03\/SU7_avocat-cheese-400x300.jpg\" class=\"mprm-image\" alt=\"\" loading=\"lazy\" \/>\n\t<div class=\"mprm-content-container mprm-title\">\n\t\t\t\t\t<b>SU7 - Sushi avocat cheese<\/b>\n\t\t\t<\/div>\n\n\t\t<div class=\"mprm-content-container\">\r\n\t\t\t<div class=\"mprm-price-container\">\r\n\t\t\t\t<span class=\"mprm-price\">&euro;5.00<\/span>\r\n\t\t\t<\/div>\r\n\t\t<\/div>\r\n\t\t<\/div>\n\t\t\t<div class=\"mprm-remove-hentry mprm-columns mprm-three post-114 mp_menu_item type-mp_menu_item status-publish has-post-thumbnail mp_menu_category-sushi mprm-theme-mode mp-menu-item\">\n\t\t<img width=\"400\" height=\"300\" src=\"https:\/\/www.hoki-sushi-paris.com\/wp-content\/uploads\/2018\/03\/SU8_anguille-400x300.jpg\" class=\"mprm-image\" alt=\"\" loading=\"lazy\" \/>\n\t<div class=\"mprm-content-container mprm-title\">\n\t\t\t\t\t<b>SU8 - Sushi anguille<\/b>\n\t\t\t<\/div>\n\n\t\t<div class=\"mprm-content-container\">\r\n\t\t\t<div class=\"mprm-price-container\">\r\n\t\t\t\t<span class=\"mprm-price\">&euro;6.50<\/span>\r\n\t\t\t<\/div>\r\n\t\t<\/div>\r\n\t\t<\/div>\n\t\t\t\t<\/div>\n\t\t\t\t\t<div class=\"mprm-row\">\n\t\t\t\t<div class=\"mprm-remove-hentry mprm-columns mprm-three post-117 mp_menu_item type-mp_menu_item status-publish has-post-thumbnail mp_menu_category-sushi mprm-theme-mode mp-menu-item\">\n\t\t<img width=\"400\" height=\"300\" src=\"https:\/\/www.hoki-sushi-paris.com\/wp-content\/uploads\/2018\/03\/SU10_tartare-saumon-400x300.jpg\" class=\"mprm-image\" alt=\"\" loading=\"lazy\" \/>\n\t<div class=\"mprm-content-container mprm-title\">\n\t\t\t\t\t<b>SU10 - Sushi tartare de saumon<\/b>\n\t\t\t<\/div>\n\n\t\t<div class=\"mprm-content-container\">\r\n\t\t\t<div class=\"mprm-price-container\">\r\n\t\t\t\t<span class=\"mprm-price\">&euro;5.90<\/span>\r\n\t\t\t<\/div>\r\n\t\t<\/div>\r\n\t\t<\/div>\n\t\t\t<div class=\"mprm-remove-hentry mprm-columns mprm-three post-118 mp_menu_item type-mp_menu_item status-publish has-post-thumbnail mp_menu_category-sushi mprm-theme-mode mp-menu-item\">\n\t\t<img width=\"400\" height=\"300\" src=\"https:\/\/www.hoki-sushi-paris.com\/wp-content\/uploads\/2018\/03\/SU11_tartare-thon-400x300.jpg\" class=\"mprm-image\" alt=\"\" loading=\"lazy\" \/>\n\t<div class=\"mprm-content-container mprm-title\">\n\t\t\t\t\t<b>SU11 - Sushi tartare de thon<\/b>\n\t\t\t<\/div>\n\n\t\t<div class=\"mprm-content-container\">\r\n\t\t\t<div class=\"mprm-price-container\">\r\n\t\t\t\t<span class=\"mprm-price\">&euro;6.50<\/span>\r\n\t\t\t<\/div>\r\n\t\t<\/div>\r\n\t\t<\/div>\n\t\t\t<div class=\"mprm-remove-hentry mprm-columns mprm-three post-120 mp_menu_item type-mp_menu_item status-publish has-post-thumbnail mp_menu_category-sushi mprm-theme-mode mp-menu-item\">\n\t\t<img width=\"400\" height=\"300\" src=\"https:\/\/www.hoki-sushi-paris.com\/wp-content\/uploads\/2018\/03\/SU12_tartare-thon-cuit-400x300.jpg\" class=\"mprm-image\" alt=\"\" loading=\"lazy\" \/>\n\t<div class=\"mprm-content-container mprm-title\">\n\t\t\t\t\t<b>SU12 - Sushi tartare de thon cuit<\/b>\n\t\t\t<\/div>\n\n\t\t<div class=\"mprm-content-container\">\r\n\t\t\t<div class=\"mprm-price-container\">\r\n\t\t\t\t<span class=\"mprm-price\">&euro;5.50<\/span>\r\n\t\t\t<\/div>\r\n\t\t<\/div>\r\n\t\t<\/div>\n\t\t\t<div class=\"mprm-remove-hentry mprm-columns mprm-three post-966 mp_menu_item type-mp_menu_item status-publish has-post-thumbnail mp_menu_category-sushi mprm-theme-mode mp-menu-item\">\n\t\t<img width=\"400\" height=\"300\" src=\"https:\/\/www.hoki-sushi-paris.com\/wp-content\/uploads\/2018\/03\/SU13_oeufs-seiche-400x300.jpg\" class=\"mprm-image\" alt=\"\" loading=\"lazy\" \/>\n\t<div class=\"mprm-content-container mprm-title\">\n\t\t\t\t\t<b>SU13 - Sushi \u0153ufs de seiche<\/b>\n\t\t\t<\/div>\n\n\t\t<div class=\"mprm-content-container\">\r\n\t\t\t<div class=\"mprm-price-container\">\r\n\t\t\t\t<span class=\"mprm-price\">&euro;5.50<\/span>\r\n\t\t\t<\/div>\r\n\t\t<\/div>\r\n\t\t<\/div>\n\t\t\t\t<\/div>\n\t\t\t\t\t<div class=\"mprm-row\">\n\t\t\t\t<div class=\"mprm-remove-hentry mprm-columns mprm-three post-122 mp_menu_item type-mp_menu_item status-publish has-post-thumbnail mp_menu_category-sushi mprm-theme-mode mp-menu-item\">\n\t\t<img width=\"400\" height=\"300\" src=\"https:\/\/www.hoki-sushi-paris.com\/wp-content\/uploads\/2018\/03\/SU14_tobiko-orange-400x300.jpg\" class=\"mprm-image\" alt=\"\" loading=\"lazy\" \/>\n\t<div class=\"mprm-content-container mprm-title\">\n\t\t\t\t\t<b>SU14 - Sushi tobiko orange<\/b>\n\t\t\t<\/div>\n\n\t\t<div class=\"mprm-content-container\">\r\n\t\t\t<div class=\"mprm-price-container\">\r\n\t\t\t\t<span class=\"mprm-price\">&euro;5.50<\/span>\r\n\t\t\t<\/div>\r\n\t\t<\/div>\r\n\t\t<\/div>\n\t\t\t<div class=\"mprm-remove-hentry mprm-columns mprm-three post-113 mp_menu_item type-mp_menu_item status-publish has-post-thumbnail mp_menu_category-sushi mprm-theme-mode mp-menu-item\">\n\t\t<img width=\"400\" height=\"300\" src=\"https:\/\/www.hoki-sushi-paris.com\/wp-content\/uploads\/2018\/03\/SU15_oeufs-saumon-400x300.jpg\" class=\"mprm-image\" alt=\"\" loading=\"lazy\" \/>\n\t<div class=\"mprm-content-container mprm-title\">\n\t\t\t\t\t<b>SU15 - Sushi \u0153ufs de saumon<\/b>\n\t\t\t<\/div>\n\n\t\t<div class=\"mprm-content-container\">\r\n\t\t\t<div class=\"mprm-price-container\">\r\n\t\t\t\t<span class=\"mprm-price\">&euro;6.50<\/span>\r\n\t\t\t<\/div>\r\n\t\t<\/div>\r\n\t\t<\/div>\n\t\t\t<div class=\"mprm-remove-hentry mprm-columns mprm-three post-124 mp_menu_item type-mp_menu_item status-publish has-post-thumbnail mp_menu_category-sushi mprm-theme-mode mp-menu-item\">\n\t\t<img width=\"400\" height=\"300\" src=\"https:\/\/www.hoki-sushi-paris.com\/wp-content\/uploads\/2020\/04\/SU16_saumon-braise-400x300.jpg\" class=\"mprm-image\" alt=\"\" loading=\"lazy\" \/>\n\t<div class=\"mprm-content-container mprm-title\">\n\t\t\t\t\t<b>SU16 - Sushi saumon brais\u00e9<\/b>\n\t\t\t<\/div>\n\n\t\t<div class=\"mprm-content-container\">\r\n\t\t\t<div class=\"mprm-price-container\">\r\n\t\t\t\t<span class=\"mprm-price\">&euro;6.50<\/span>\r\n\t\t\t<\/div>\r\n\t\t<\/div>\r\n\t\t<\/div>\n\t\t\t<div class=\"mprm-remove-hentry mprm-columns mprm-three post-1474 mp_menu_item type-mp_menu_item status-publish has-post-thumbnail mp_menu_category-sushi mprm-theme-mode mp-menu-item\">\n\t\t<img width=\"400\" height=\"300\" src=\"https:\/\/www.hoki-sushi-paris.com\/wp-content\/uploads\/2020\/04\/SU17_thon-braise-400x300.jpg\" class=\"mprm-image\" alt=\"\" loading=\"lazy\" \/>\n\t<div class=\"mprm-content-container mprm-title\">\n\t\t\t\t\t<b>SU17 - Sushi thon brais\u00e9<\/b>\n\t\t\t<\/div>\n\n\t\t<div class=\"mprm-content-container\">\r\n\t\t\t<div class=\"mprm-price-container\">\r\n\t\t\t\t<span class=\"mprm-price\">&euro;6.50<\/span>\r\n\t\t\t<\/div>\r\n\t\t<\/div>\r\n\t\t<\/div>\n\t\t\t\t<\/div>\n\t\t\t\t\t<div class=\"mprm-row\">\n\t\t\t\t<div class=\"mprm-remove-hentry mprm-columns mprm-three post-1475 mp_menu_item type-mp_menu_item status-publish has-post-thumbnail mp_menu_category-sushi mprm-theme-mode mp-menu-item\">\n\t\t<img width=\"400\" height=\"300\" src=\"https:\/\/www.hoki-sushi-paris.com\/wp-content\/uploads\/2020\/04\/SU18_daurade-braisee-400x300.jpg\" class=\"mprm-image\" alt=\"\" loading=\"lazy\" \/>\n\t<div class=\"mprm-content-container mprm-title\">\n\t\t\t\t\t<b>SU18 - Sushi daurade brais\u00e9e<\/b>\n\t\t\t<\/div>\n\n\t\t<div class=\"mprm-content-container\">\r\n\t\t\t<div class=\"mprm-price-container\">\r\n\t\t\t\t<span class=\"mprm-price\">&euro;6.50<\/span>\r\n\t\t\t<\/div>\r\n\t\t<\/div>\r\n\t\t<\/div>\n\t\t\t<div class=\"mprm-remove-hentry mprm-columns mprm-three post-1476 mp_menu_item type-mp_menu_item status-publish has-post-thumbnail mp_menu_category-sushi mprm-theme-mode mp-menu-item\">\n\t\t<img width=\"400\" height=\"300\" src=\"https:\/\/www.hoki-sushi-paris.com\/wp-content\/uploads\/2020\/04\/SU19_saumon-avocat-cheese-400x300.jpg\" class=\"mprm-image\" alt=\"\" loading=\"lazy\" \/>\n\t<div class=\"mprm-content-container mprm-title\">\n\t\t\t\t\t<b>SU19 - Sushi saumon cheese avocat<\/b>\n\t\t\t<\/div>\n\n\t\t<div class=\"mprm-content-container\">\r\n\t\t\t<div class=\"mprm-price-container\">\r\n\t\t\t\t<span class=\"mprm-price\">&euro;6.50<\/span>\r\n\t\t\t<\/div>\r\n\t\t<\/div>\r\n\t\t<\/div>\n\t\t\t\t<\/div>\n\t\t<\/div>\n","protected":false},"excerpt":{"rendered":"<p>Servis par 2 pi\u00e8ces &#8211; D\u00e9licieux canap\u00e9s de riz avec des garnitures crues ou cuites &nbsp;<\/p>\n","protected":false},"author":1,"featured_media":1190,"parent":29,"menu_order":0,"comment_status":"closed","ping_status":"closed","template":"","meta":[],"_links":{"self":[{"href":"https:\/\/www.hoki-sushi-paris.com\/index.php\/wp-json\/wp\/v2\/pages\/1301"}],"collection":[{"href":"https:\/\/www.hoki-sushi-paris.com\/index.php\/wp-json\/wp\/v2\/pages"}],"about":[{"href":"https:\/\/www.hoki-sushi-paris.com\/index.php\/wp-json\/wp\/v2\/types\/page"}],"author":[{"embeddable":true,"href":"https:\/\/www.hoki-sushi-paris.com\/index.php\/wp-json\/wp\/v2\/users\/1"}],"replies":[{"embeddable":true,"href":"https:\/\/www.hoki-sushi-paris.com\/index.php\/wp-json\/wp\/v2\/comments?post=1301"}],"version-history":[{"count":5,"href":"https:\/\/www.hoki-sushi-paris.com\/index.php\/wp-json\/wp\/v2\/pages\/1301\/revisions"}],"predecessor-version":[{"id":1703,"href":"https:\/\/www.hoki-sushi-paris.com\/index.php\/wp-json\/wp\/v2\/pages\/1301\/revisions\/1703"}],"up":[{"embeddable":true,"href":"https:\/\/www.hoki-sushi-paris.com\/index.php\/wp-json\/wp\/v2\/pages\/29"}],"wp:featuredmedia":[{"embeddable":true,"href":"https:\/\/www.hoki-sushi-paris.com\/index.php\/wp-json\/wp\/v2\/media\/1190"}],"wp:attachment":[{"href":"https:\/\/www.hoki-sushi-paris.com\/index.php\/wp-json\/wp\/v2\/media?parent=1301"}],"curies":[{"name":"wp","href":"https:\/\/api.w.org\/{rel}","templated":true}]}}