{"id":1297,"date":"2018-03-29T17:56:04","date_gmt":"2018-03-29T15:56:04","guid":{"rendered":"http:\/\/www.hoki-sushi-paris.com\/?page_id=1297"},"modified":"2022-10-10T23:40:31","modified_gmt":"2022-10-10T21:40:31","slug":"nos-maki","status":"publish","type":"page","link":"https:\/\/www.hoki-sushi-paris.com\/index.php\/carte\/nos-maki\/","title":{"rendered":"MAKI"},"content":{"rendered":"<p>Servis par 6 pi\u00e8ces &#8211; Rouleaux de feuilles d&#8217;algues s\u00e9ch\u00e9es entourant du riz vinaigr\u00e9 farci par divers aliments<\/p>\n<p>&nbsp;<\/p>\n<div class=\"mprm-container mprm-shortcode-items mprm-view-grid\">\n\t\t\t\t<div class=\"mprm-row\">\n\t\t\t\t<div class=\"mprm-remove-hentry mprm-columns mprm-three post-234 mp_menu_item type-mp_menu_item status-publish has-post-thumbnail mp_menu_category-maki mprm-theme-mode mp-menu-item\">\n\t\t<img width=\"400\" height=\"300\" src=\"https:\/\/www.hoki-sushi-paris.com\/wp-content\/uploads\/2017\/07\/MA1_maki_saumon-400x300.jpg\" class=\"mprm-image\" alt=\"\" loading=\"lazy\" \/>\n\t<div class=\"mprm-content-container mprm-title\">\n\t\t\t\t\t<b>MA1 - Maki saumon<\/b>\n\t\t\t<\/div>\n\n\t\t<div class=\"mprm-content-container\">\r\n\t\t\t<div class=\"mprm-price-container\">\r\n\t\t\t\t<span class=\"mprm-price\">&euro;4.50<\/span>\r\n\t\t\t<\/div>\r\n\t\t<\/div>\r\n\t\t<\/div>\n\t\t\t<div class=\"mprm-remove-hentry mprm-columns mprm-three post-250 mp_menu_item type-mp_menu_item status-publish has-post-thumbnail mp_menu_category-maki mprm-theme-mode mp-menu-item\">\n\t\t<img width=\"400\" height=\"300\" src=\"https:\/\/www.hoki-sushi-paris.com\/wp-content\/uploads\/2017\/07\/MA2_maki-thon-400x300.jpg\" class=\"mprm-image\" alt=\"\" loading=\"lazy\" \/>\n\t<div class=\"mprm-content-container mprm-title\">\n\t\t\t\t\t<b>MA2 - Maki thon<\/b>\n\t\t\t<\/div>\n\n\t\t<div class=\"mprm-content-container\">\r\n\t\t\t<div class=\"mprm-price-container\">\r\n\t\t\t\t<span class=\"mprm-price\">&euro;6.00<\/span>\r\n\t\t\t<\/div>\r\n\t\t<\/div>\r\n\t\t<\/div>\n\t\t\t<div class=\"mprm-remove-hentry mprm-columns mprm-three post-251 mp_menu_item type-mp_menu_item status-publish has-post-thumbnail mp_menu_category-maki mprm-theme-mode mp-menu-item\">\n\t\t<img width=\"400\" height=\"300\" src=\"https:\/\/www.hoki-sushi-paris.com\/wp-content\/uploads\/2017\/07\/MA3_maki-anguille-400x300.jpg\" class=\"mprm-image\" alt=\"\" loading=\"lazy\" \/>\n\t<div class=\"mprm-content-container mprm-title\">\n\t\t\t\t\t<b>MA3 - Maki anguille<\/b>\n\t\t\t<\/div>\n\n\t\t<div class=\"mprm-content-container\">\r\n\t\t\t<div class=\"mprm-price-container\">\r\n\t\t\t\t<span class=\"mprm-price\">&euro;5.50<\/span>\r\n\t\t\t<\/div>\r\n\t\t<\/div>\r\n\t\t<\/div>\n\t\t\t<div class=\"mprm-remove-hentry mprm-columns mprm-three post-252 mp_menu_item type-mp_menu_item status-publish has-post-thumbnail mp_menu_category-maki mprm-theme-mode mp-menu-item\">\n\t\t<img width=\"400\" height=\"300\" src=\"https:\/\/www.hoki-sushi-paris.com\/wp-content\/uploads\/2017\/07\/MA4_maki-concombre-400x300.jpg\" class=\"mprm-image\" alt=\"\" loading=\"lazy\" \/>\n\t<div class=\"mprm-content-container mprm-title\">\n\t\t\t\t\t<b>MA4 - Maki concombre<\/b>\n\t\t\t<\/div>\n\n\t\t<div class=\"mprm-content-container\">\r\n\t\t\t<div class=\"mprm-price-container\">\r\n\t\t\t\t<span class=\"mprm-price\">&euro;4.50<\/span>\r\n\t\t\t<\/div>\r\n\t\t<\/div>\r\n\t\t<\/div>\n\t\t\t\t<\/div>\n\t\t\t\t\t<div class=\"mprm-row\">\n\t\t\t\t<div class=\"mprm-remove-hentry mprm-columns mprm-three post-253 mp_menu_item type-mp_menu_item status-publish has-post-thumbnail mp_menu_category-maki mprm-theme-mode mp-menu-item\">\n\t\t<img width=\"400\" height=\"300\" src=\"https:\/\/www.hoki-sushi-paris.com\/wp-content\/uploads\/2017\/07\/MA5_maki-thon-cuit-400x300.jpg\" class=\"mprm-image\" alt=\"\" loading=\"lazy\" \/>\n\t<div class=\"mprm-content-container mprm-title\">\n\t\t\t\t\t<b>MA5 - Maki (6 pi\u00e8ces)&lt;br&gt;tartare de thon cuit<\/b>\n\t\t\t<\/div>\n\n\t\t<div class=\"mprm-content-container\">\r\n\t\t\t<div class=\"mprm-price-container\">\r\n\t\t\t\t<span class=\"mprm-price\">&euro;4.50<\/span>\r\n\t\t\t<\/div>\r\n\t\t<\/div>\r\n\t\t<\/div>\n\t\t\t<div class=\"mprm-remove-hentry mprm-columns mprm-three post-254 mp_menu_item type-mp_menu_item status-publish has-post-thumbnail mp_menu_category-maki mprm-theme-mode mp-menu-item\">\n\t\t<img width=\"400\" height=\"300\" src=\"https:\/\/www.hoki-sushi-paris.com\/wp-content\/uploads\/2017\/07\/MA6_maki-avocat-cheese-400x300.jpg\" class=\"mprm-image\" alt=\"\" loading=\"lazy\" \/>\n\t<div class=\"mprm-content-container mprm-title\">\n\t\t\t\t\t<b>MA6 - Maki avocat<\/b>\n\t\t\t<\/div>\n\n\t\t<div class=\"mprm-content-container\">\r\n\t\t\t<div class=\"mprm-price-container\">\r\n\t\t\t\t<span class=\"mprm-price\">&euro;4.50<\/span>\r\n\t\t\t<\/div>\r\n\t\t<\/div>\r\n\t\t<\/div>\n\t\t\t<div class=\"mprm-remove-hentry mprm-columns mprm-three post-255 mp_menu_item type-mp_menu_item status-publish has-post-thumbnail mp_menu_category-maki mprm-theme-mode mp-menu-item\">\n\t\t<img width=\"400\" height=\"300\" src=\"https:\/\/www.hoki-sushi-paris.com\/wp-content\/uploads\/2017\/07\/MA7_maki-radis-marine-400x300.jpg\" class=\"mprm-image\" alt=\"\" loading=\"lazy\" \/>\n\t<div class=\"mprm-content-container mprm-title\">\n\t\t\t\t\t<b>MA7 - Maki radis marin\u00e9<\/b>\n\t\t\t<\/div>\n\n\t\t<div class=\"mprm-content-container\">\r\n\t\t\t<div class=\"mprm-price-container\">\r\n\t\t\t\t<span class=\"mprm-price\">&euro;4.50<\/span>\r\n\t\t\t<\/div>\r\n\t\t<\/div>\r\n\t\t<\/div>\n\t\t\t<div class=\"mprm-remove-hentry mprm-columns mprm-three post-259 mp_menu_item type-mp_menu_item status-publish has-post-thumbnail mp_menu_category-maki mprm-theme-mode mp-menu-item\">\n\t\t<img width=\"400\" height=\"300\" src=\"https:\/\/www.hoki-sushi-paris.com\/wp-content\/uploads\/2017\/07\/MA10_maki-saumon-avocat-che-400x300.jpg\" class=\"mprm-image\" alt=\"\" loading=\"lazy\" \/>\n\t<div class=\"mprm-content-container mprm-title\">\n\t\t\t\t\t<b>MA10 - Maki saumon avocat cheese<\/b>\n\t\t\t<\/div>\n\n\t\t<div class=\"mprm-content-container\">\r\n\t\t\t<div class=\"mprm-price-container\">\r\n\t\t\t\t<span class=\"mprm-price\">&euro;5.00<\/span>\r\n\t\t\t<\/div>\r\n\t\t<\/div>\r\n\t\t<\/div>\n\t\t\t\t<\/div>\n\t\t\t\t\t<div class=\"mprm-row\">\n\t\t\t\t<div class=\"mprm-remove-hentry mprm-columns mprm-three post-260 mp_menu_item type-mp_menu_item status-publish has-post-thumbnail mp_menu_category-maki mprm-theme-mode mp-menu-item\">\n\t\t<img width=\"400\" height=\"300\" src=\"https:\/\/www.hoki-sushi-paris.com\/wp-content\/uploads\/2017\/07\/MA11_maki-\u0153ufs-de-saumon-400x300.jpg\" class=\"mprm-image\" alt=\"\" loading=\"lazy\" \/>\n\t<div class=\"mprm-content-container mprm-title\">\n\t\t\t\t\t<b>MA11 - Maki Oeufs de saumon<\/b>\n\t\t\t<\/div>\n\n\t\t<div class=\"mprm-content-container\">\r\n\t\t\t<div class=\"mprm-price-container\">\r\n\t\t\t\t<span class=\"mprm-price\">&euro;5.00<\/span>\r\n\t\t\t<\/div>\r\n\t\t<\/div>\r\n\t\t<\/div>\n\t\t\t<div class=\"mprm-remove-hentry mprm-columns mprm-three post-256 mp_menu_item type-mp_menu_item status-publish has-post-thumbnail mp_menu_category-maki mprm-theme-mode mp-menu-item\">\n\t\t<img width=\"400\" height=\"300\" src=\"https:\/\/www.hoki-sushi-paris.com\/wp-content\/uploads\/2017\/07\/MA8_maki-saumon-spicy-400x300.jpg\" class=\"mprm-image\" alt=\"\" loading=\"lazy\" \/>\n\t<div class=\"mprm-content-container mprm-title\">\n\t\t\t\t\t<b>MA12 - Maki (6 pi\u00e8ces)&lt;br&gt;tartare saumon spicy<\/b>\n\t\t\t<\/div>\n\n\t\t<div class=\"mprm-content-container\">\r\n\t\t\t<div class=\"mprm-price-container\">\r\n\t\t\t\t<span class=\"mprm-price\">&euro;5.50<\/span>\r\n\t\t\t<\/div>\r\n\t\t<\/div>\r\n\t\t<\/div>\n\t\t\t\t<\/div>\n\t\t<\/div>\n","protected":false},"excerpt":{"rendered":"<p>Servis par 6 pi\u00e8ces &#8211; Rouleaux de feuilles d&#8217;algues s\u00e9ch\u00e9es entourant du riz vinaigr\u00e9 farci par divers aliments &nbsp;<\/p>\n","protected":false},"author":1,"featured_media":931,"parent":29,"menu_order":0,"comment_status":"closed","ping_status":"closed","template":"","meta":[],"_links":{"self":[{"href":"https:\/\/www.hoki-sushi-paris.com\/index.php\/wp-json\/wp\/v2\/pages\/1297"}],"collection":[{"href":"https:\/\/www.hoki-sushi-paris.com\/index.php\/wp-json\/wp\/v2\/pages"}],"about":[{"href":"https:\/\/www.hoki-sushi-paris.com\/index.php\/wp-json\/wp\/v2\/types\/page"}],"author":[{"embeddable":true,"href":"https:\/\/www.hoki-sushi-paris.com\/index.php\/wp-json\/wp\/v2\/users\/1"}],"replies":[{"embeddable":true,"href":"https:\/\/www.hoki-sushi-paris.com\/index.php\/wp-json\/wp\/v2\/comments?post=1297"}],"version-history":[{"count":5,"href":"https:\/\/www.hoki-sushi-paris.com\/index.php\/wp-json\/wp\/v2\/pages\/1297\/revisions"}],"predecessor-version":[{"id":1701,"href":"https:\/\/www.hoki-sushi-paris.com\/index.php\/wp-json\/wp\/v2\/pages\/1297\/revisions\/1701"}],"up":[{"embeddable":true,"href":"https:\/\/www.hoki-sushi-paris.com\/index.php\/wp-json\/wp\/v2\/pages\/29"}],"wp:featuredmedia":[{"embeddable":true,"href":"https:\/\/www.hoki-sushi-paris.com\/index.php\/wp-json\/wp\/v2\/media\/931"}],"wp:attachment":[{"href":"https:\/\/www.hoki-sushi-paris.com\/index.php\/wp-json\/wp\/v2\/media?parent=1297"}],"curies":[{"name":"wp","href":"https:\/\/api.w.org\/{rel}","templated":true}]}}