{"id":1287,"date":"2018-03-29T17:46:36","date_gmt":"2018-03-29T15:46:36","guid":{"rendered":"http:\/\/www.hoki-sushi-paris.com\/?page_id=1287"},"modified":"2018-03-29T19:10:56","modified_gmt":"2018-03-29T17:10:56","slug":"entrees","status":"publish","type":"page","link":"https:\/\/www.hoki-sushi-paris.com\/index.php\/carte\/entrees\/","title":{"rendered":"ENTREES"},"content":{"rendered":"<div class=\"mprm-container mprm-shortcode-items mprm-view-grid\">\n\t\t\t\t<div class=\"mprm-row\">\n\t\t\t\t<div class=\"mprm-remove-hentry mprm-columns mprm-three post-83 mp_menu_item type-mp_menu_item status-publish has-post-thumbnail mp_menu_category-entrees mprm-theme-mode mp-menu-item\">\n\t\t<img width=\"400\" height=\"300\" src=\"https:\/\/www.hoki-sushi-paris.com\/wp-content\/uploads\/2017\/07\/E1_saladefruits-de-mer-400x300.jpg\" class=\"mprm-image\" alt=\"\" loading=\"lazy\" \/>\n\t<div class=\"mprm-content-container mprm-title\">\n\t\t\t\t\t<b>E1 - Salade de&lt;br&gt;fruits de mer<\/b>\n\t\t\t<\/div>\n\n\t\t<div class=\"mprm-content-container\">\r\n\t\t\t<div class=\"mprm-price-container\">\r\n\t\t\t\t<span class=\"mprm-price\">&euro;8.50<\/span>\r\n\t\t\t<\/div>\r\n\t\t<\/div>\r\n\t\t<\/div>\n\t\t\t<div class=\"mprm-remove-hentry mprm-columns mprm-three post-84 mp_menu_item type-mp_menu_item status-publish has-post-thumbnail mp_menu_category-entrees mprm-theme-mode mp-menu-item\">\n\t\t<img width=\"400\" height=\"300\" src=\"https:\/\/www.hoki-sushi-paris.com\/wp-content\/uploads\/2017\/07\/E2_salade-saumon-avocat-400x300.jpg\" class=\"mprm-image\" alt=\"\" loading=\"lazy\" \/>\n\t<div class=\"mprm-content-container mprm-title\">\n\t\t\t\t\t<b>E2 - Salade de&lt;br&gt;saumon avocat<\/b>\n\t\t\t<\/div>\n\n\t\t<div class=\"mprm-content-container\">\r\n\t\t\t<div class=\"mprm-price-container\">\r\n\t\t\t\t<span class=\"mprm-price\">&euro;9.50<\/span>\r\n\t\t\t<\/div>\r\n\t\t<\/div>\r\n\t\t<\/div>\n\t\t\t<div class=\"mprm-remove-hentry mprm-columns mprm-three post-58 mp_menu_item type-mp_menu_item status-publish has-post-thumbnail mp_menu_category-entrees mprm-theme-mode mp-menu-item\">\n\t\t<img width=\"400\" height=\"300\" src=\"https:\/\/www.hoki-sushi-paris.com\/wp-content\/uploads\/2017\/07\/E3_salade_poulet-avocat-400x300.jpg\" class=\"mprm-image\" alt=\"\" loading=\"lazy\" \/>\n\t<div class=\"mprm-content-container mprm-title\">\n\t\t\t\t\t<b>E3 - Salade de&lt;br&gt;poulet \u00e9minc\u00e9 avocat<\/b>\n\t\t\t<\/div>\n\n\t\t<div class=\"mprm-content-container\">\r\n\t\t\t<div class=\"mprm-price-container\">\r\n\t\t\t\t<span class=\"mprm-price\">&euro;8.50<\/span>\r\n\t\t\t<\/div>\r\n\t\t<\/div>\r\n\t\t<\/div>\n\t\t\t<div class=\"mprm-remove-hentry mprm-columns mprm-three post-85 mp_menu_item type-mp_menu_item status-publish has-post-thumbnail mp_menu_category-entrees mprm-theme-mode mp-menu-item\">\n\t\t<img width=\"400\" height=\"300\" src=\"https:\/\/www.hoki-sushi-paris.com\/wp-content\/uploads\/2017\/07\/E4_salade-algues-400x300.jpg\" class=\"mprm-image\" alt=\"\" loading=\"lazy\" \/>\n\t<div class=\"mprm-content-container mprm-title\">\n\t\t\t\t\t<b>E4 - Salade de&lt;br&gt;wakame (algues)<\/b>\n\t\t\t<\/div>\n\n\t\t<div class=\"mprm-content-container\">\r\n\t\t\t<div class=\"mprm-price-container\">\r\n\t\t\t\t<span class=\"mprm-price\">&euro;7.50<\/span>\r\n\t\t\t<\/div>\r\n\t\t<\/div>\r\n\t\t<\/div>\n\t\t\t\t<\/div>\n\t\t\t\t\t<div class=\"mprm-row\">\n\t\t\t\t<div class=\"mprm-remove-hentry mprm-columns mprm-three post-86 mp_menu_item type-mp_menu_item status-publish has-post-thumbnail mp_menu_category-entrees mprm-theme-mode mp-menu-item\">\n\t\t<img width=\"400\" height=\"300\" src=\"https:\/\/www.hoki-sushi-paris.com\/wp-content\/uploads\/2017\/07\/E5_gyoza-400x300.jpg\" class=\"mprm-image\" alt=\"\" loading=\"lazy\" \/>\n\t<div class=\"mprm-content-container mprm-title\">\n\t\t\t\t\t<b>E5 - Gyoza (raviolis grill\u00e9s)&lt;br&gt;au poulet ou v\u00e9g\u00e9tarien x 6<\/b>\n\t\t\t<\/div>\n\n\t\t<div class=\"mprm-content-container\">\r\n\t\t\t<div class=\"mprm-price-container\">\r\n\t\t\t\t<span class=\"mprm-price\">&euro;6.50<\/span>\r\n\t\t\t<\/div>\r\n\t\t<\/div>\r\n\t\t<\/div>\n\t\t\t<div class=\"mprm-remove-hentry mprm-columns mprm-three post-88 mp_menu_item type-mp_menu_item status-publish has-post-thumbnail mp_menu_category-entrees mprm-theme-mode mp-menu-item\">\n\t\t<img width=\"400\" height=\"300\" src=\"https:\/\/www.hoki-sushi-paris.com\/wp-content\/uploads\/2017\/07\/E7_nems-400x300.jpg\" class=\"mprm-image\" alt=\"\" loading=\"lazy\" \/>\n\t<div class=\"mprm-content-container mprm-title\">\n\t\t\t\t\t<b>E7 - N\u00eams (4 pi\u00e8ces)&lt;br&gt;aux crevettes ou au poulet<\/b>\n\t\t\t<\/div>\n\n\t\t<div class=\"mprm-content-container\">\r\n\t\t\t<div class=\"mprm-price-container\">\r\n\t\t\t\t<span class=\"mprm-price\">&euro;6.50<\/span>\r\n\t\t\t<\/div>\r\n\t\t<\/div>\r\n\t\t<\/div>\n\t\t\t<div class=\"mprm-remove-hentry mprm-columns mprm-three post-89 mp_menu_item type-mp_menu_item status-publish has-post-thumbnail mp_menu_category-entrees mprm-theme-mode mp-menu-item\">\n\t\t<img width=\"400\" height=\"300\" src=\"https:\/\/www.hoki-sushi-paris.com\/wp-content\/uploads\/2017\/07\/E8_tempura-crevettes-1-400x300.jpg\" class=\"mprm-image\" alt=\"\" loading=\"lazy\" \/>\n\t<div class=\"mprm-content-container mprm-title\">\n\t\t\t\t\t<b>E8 - Tempura crevettes&lt;br&gt;(4 pi\u00e8ces)<\/b>\n\t\t\t<\/div>\n\n\t\t<div class=\"mprm-content-container\">\r\n\t\t\t<div class=\"mprm-price-container\">\r\n\t\t\t\t<span class=\"mprm-price\">&euro;9.50<\/span>\r\n\t\t\t<\/div>\r\n\t\t<\/div>\r\n\t\t<\/div>\n\t\t\t<div class=\"mprm-remove-hentry mprm-columns mprm-three post-92 mp_menu_item type-mp_menu_item status-publish has-post-thumbnail mp_menu_category-entrees mprm-theme-mode mp-menu-item\">\n\t\t<img width=\"400\" height=\"300\" src=\"https:\/\/www.hoki-sushi-paris.com\/wp-content\/uploads\/2018\/03\/E9_salade-edamane-1-400x300.jpg\" class=\"mprm-image\" alt=\"\" loading=\"lazy\" \/>\n\t<div class=\"mprm-content-container mprm-title\">\n\t\t\t\t\t<b>E9 - Salade edamane&lt;br&gt;(f\u00e8ves de soja)<\/b>\n\t\t\t<\/div>\n\n\t\t<div class=\"mprm-content-container\">\r\n\t\t\t<div class=\"mprm-price-container\">\r\n\t\t\t\t<span class=\"mprm-price\">&euro;6.50<\/span>\r\n\t\t\t<\/div>\r\n\t\t<\/div>\r\n\t\t<\/div>\n\t\t\t\t<\/div>\n\t\t\t\t\t<div class=\"mprm-row\">\n\t\t\t\t<div class=\"mprm-remove-hentry mprm-columns mprm-three post-216 mp_menu_item type-mp_menu_item status-publish has-post-thumbnail mp_menu_category-entrees mprm-theme-mode mp-menu-item\">\n\t\t<img width=\"400\" height=\"300\" src=\"https:\/\/www.hoki-sushi-paris.com\/wp-content\/uploads\/2018\/03\/E10_vapeur-ha-kao-400x300.jpg\" class=\"mprm-image\" alt=\"\" loading=\"lazy\" \/>\n\t<div class=\"mprm-content-container mprm-title\">\n\t\t\t\t\t<b>E10 - Vapeur (4 pi\u00e8ces)&lt;br&gt;Ha Kao<\/b>\n\t\t\t<\/div>\n\n\t\t<div class=\"mprm-content-container\">\r\n\t\t\t<div class=\"mprm-price-container\">\r\n\t\t\t\t<span class=\"mprm-price\">&euro;6.50<\/span>\r\n\t\t\t<\/div>\r\n\t\t<\/div>\r\n\t\t<\/div>\n\t\t\t<div class=\"mprm-remove-hentry mprm-columns mprm-three post-218 mp_menu_item type-mp_menu_item status-publish has-post-thumbnail mp_menu_category-entrees mprm-theme-mode mp-menu-item\">\n\t\t<img width=\"400\" height=\"300\" src=\"https:\/\/www.hoki-sushi-paris.com\/wp-content\/uploads\/2018\/03\/E11_vapeur-bouche-crevette-400x300.jpg\" class=\"mprm-image\" alt=\"\" loading=\"lazy\" \/>\n\t<div class=\"mprm-content-container mprm-title\">\n\t\t\t\t\t<b>E11 - Vapeur (4 pi\u00e8ces)&lt;br&gt;bouche de crevettes<\/b>\n\t\t\t<\/div>\n\n\t\t<div class=\"mprm-content-container\">\r\n\t\t\t<div class=\"mprm-price-container\">\r\n\t\t\t\t<span class=\"mprm-price\">&euro;6.50<\/span>\r\n\t\t\t<\/div>\r\n\t\t<\/div>\r\n\t\t<\/div>\n\t\t\t<div class=\"mprm-remove-hentry mprm-columns mprm-three post-93 mp_menu_item type-mp_menu_item status-publish has-post-thumbnail mp_menu_category-entrees mprm-theme-mode mp-menu-item\">\n\t\t<img width=\"400\" height=\"300\" src=\"https:\/\/www.hoki-sushi-paris.com\/wp-content\/uploads\/2017\/07\/E12_alie-poulet-caramelisee-400x300.jpg\" class=\"mprm-image\" alt=\"\" loading=\"lazy\" \/>\n\t<div class=\"mprm-content-container mprm-title\">\n\t\t\t\t\t<b>E12 - Ailes de poulet (4 pi\u00e8ces)&lt;br&gt;caram\u00e9lis\u00e9es au s\u00e9same<\/b>\n\t\t\t<\/div>\n\n\t\t<div class=\"mprm-content-container\">\r\n\t\t\t<div class=\"mprm-price-container\">\r\n\t\t\t\t<span class=\"mprm-price\">&euro;9.50<\/span>\r\n\t\t\t<\/div>\r\n\t\t<\/div>\r\n\t\t<\/div>\n\t\t\t<div class=\"mprm-remove-hentry mprm-columns mprm-three post-94 mp_menu_item type-mp_menu_item status-publish has-post-thumbnail mp_menu_category-entrees mprm-theme-mode mp-menu-item\">\n\t\t<img width=\"400\" height=\"300\" src=\"https:\/\/www.hoki-sushi-paris.com\/wp-content\/uploads\/2018\/03\/E13_salade-udon-400x300.jpg\" class=\"mprm-image\" alt=\"\" loading=\"lazy\" \/>\n\t<div class=\"mprm-content-container mprm-title\">\n\t\t\t\t\t<b>E13 - Salade de udon&lt;br&gt;sauce s\u00e9same<\/b>\n\t\t\t<\/div>\n\n\t\t<div class=\"mprm-content-container\">\r\n\t\t\t<div class=\"mprm-price-container\">\r\n\t\t\t\t<span class=\"mprm-price\">&euro;11.50<\/span>\r\n\t\t\t<\/div>\r\n\t\t<\/div>\r\n\t\t<\/div>\n\t\t\t\t<\/div>\n\t\t\t\t\t<div class=\"mprm-row\">\n\t\t\t\t<div class=\"mprm-remove-hentry mprm-columns mprm-three post-1137 mp_menu_item type-mp_menu_item status-publish has-post-thumbnail mp_menu_category-entrees mprm-theme-mode mp-menu-item\">\n\t\t<img width=\"400\" height=\"300\" src=\"https:\/\/www.hoki-sushi-paris.com\/wp-content\/uploads\/2018\/03\/E14_tempura-calamar-400x300.jpg\" class=\"mprm-image\" alt=\"\" loading=\"lazy\" \/>\n\t<div class=\"mprm-content-container mprm-title\">\n\t\t\t\t\t<b>E14 - Tempura calamar&lt;br&gt;(6 pi\u00e8ces)<\/b>\n\t\t\t<\/div>\n\n\t\t<div class=\"mprm-content-container\">\r\n\t\t\t<div class=\"mprm-price-container\">\r\n\t\t\t\t<span class=\"mprm-price\">&euro;6.50<\/span>\r\n\t\t\t<\/div>\r\n\t\t<\/div>\r\n\t\t<\/div>\n\t\t\t<div class=\"mprm-remove-hentry mprm-columns mprm-three post-1138 mp_menu_item type-mp_menu_item status-publish has-post-thumbnail mp_menu_category-entrees mprm-theme-mode mp-menu-item\">\n\t\t<img width=\"400\" height=\"300\" src=\"https:\/\/www.hoki-sushi-paris.com\/wp-content\/uploads\/2018\/03\/E15_shake-tempura-400x300.jpg\" class=\"mprm-image\" alt=\"\" loading=\"lazy\" \/>\n\t<div class=\"mprm-content-container mprm-title\">\n\t\t\t\t\t<b>E15 - Shake tempura&lt;br&gt;(saumon - 6 pi\u00e8ces)<\/b>\n\t\t\t<\/div>\n\n\t\t<div class=\"mprm-content-container\">\r\n\t\t\t<div class=\"mprm-price-container\">\r\n\t\t\t\t<span class=\"mprm-price\">&euro;9.50<\/span>\r\n\t\t\t<\/div>\r\n\t\t<\/div>\r\n\t\t<\/div>\n\t\t\t<div class=\"mprm-remove-hentry mprm-columns mprm-three post-1462 mp_menu_item type-mp_menu_item status-publish has-post-thumbnail mp_menu_category-entrees mp_ingredient-avocat mp_ingredient-sauce-sesame mp_ingredient-saumon mp_ingredient-thon mprm-theme-mode mp-menu-item\">\n\t\t<img width=\"400\" height=\"300\" src=\"https:\/\/www.hoki-sushi-paris.com\/wp-content\/uploads\/2020\/04\/avocat-tartare-400x300.jpg\" class=\"mprm-image\" alt=\"\" loading=\"lazy\" \/>\n\t<div class=\"mprm-content-container mprm-title\">\n\t\t\t\t\t<b>Avocat tartare (2 pi\u00e8ces)<\/b>\n\t\t\t<\/div>\n\n\t<div class=\"mprm-ingredients mprm-content-container\">\n\t\t\t\t\t\t\t\t<span class=\"mprm-ingredient\">Avocat<\/span>\n\t\t\t\t<span class=\"mprm-ingredients-delimiter\">\/<\/span>\n\t\t\t\t\t\t\t<span class=\"mprm-ingredient\">Sauce s\u00e9same<\/span>\n\t\t\t\t<span class=\"mprm-ingredients-delimiter\">\/<\/span>\n\t\t\t\t\t\t\t<span class=\"mprm-ingredient\">Saumon<\/span>\n\t\t\t\t<span class=\"mprm-ingredients-delimiter\">\/<\/span>\n\t\t\t\t\t\t\t<span class=\"mprm-ingredient\">Thon<\/span>\n\t\t\t\t<span class=\"mprm-ingredients-delimiter\">\/<\/span>\n\t\t\t\t<\/div>\n\t\t\t<div class=\"mprm-content-container\">\r\n\t\t\t<div class=\"mprm-price-container\">\r\n\t\t\t\t<span class=\"mprm-price\">&euro;10.50<\/span>\r\n\t\t\t<\/div>\r\n\t\t<\/div>\r\n\t\t<\/div>\n\t\t\t<div class=\"mprm-remove-hentry mprm-columns mprm-three post-1464 mp_menu_item type-mp_menu_item status-publish has-post-thumbnail mp_menu_category-entrees mp_ingredient-avocat mp_ingredient-sauce-sesame mp_ingredient-sur-riz-vinaigre mp_ingredient-thon-cuit mprm-theme-mode mp-menu-item\">\n\t\t<img width=\"400\" height=\"300\" src=\"https:\/\/www.hoki-sushi-paris.com\/wp-content\/uploads\/2020\/04\/galette-thon-avocat-400x300.jpg\" class=\"mprm-image\" alt=\"\" loading=\"lazy\" \/>\n\t<div class=\"mprm-content-container mprm-title\">\n\t\t\t\t\t<b>Galette thon cuit avocat<\/b>\n\t\t\t<\/div>\n\n\t<div class=\"mprm-ingredients mprm-content-container\">\n\t\t\t\t\t\t\t\t<span class=\"mprm-ingredient\">Avocat<\/span>\n\t\t\t\t<span class=\"mprm-ingredients-delimiter\">\/<\/span>\n\t\t\t\t\t\t\t<span class=\"mprm-ingredient\">Sauce s\u00e9same<\/span>\n\t\t\t\t<span class=\"mprm-ingredients-delimiter\">\/<\/span>\n\t\t\t\t\t\t\t<span class=\"mprm-ingredient\">Sur riz vinaigr\u00e9<\/span>\n\t\t\t\t<span class=\"mprm-ingredients-delimiter\">\/<\/span>\n\t\t\t\t\t\t\t<span class=\"mprm-ingredient\">Thon cuit<\/span>\n\t\t\t\t<span class=\"mprm-ingredients-delimiter\">\/<\/span>\n\t\t\t\t<\/div>\n\t\t\t<div class=\"mprm-content-container\">\r\n\t\t\t<div class=\"mprm-price-container\">\r\n\t\t\t\t<span class=\"mprm-price\">&euro;12.50<\/span>\r\n\t\t\t<\/div>\r\n\t\t<\/div>\r\n\t\t<\/div>\n\t\t\t\t<\/div>\n\t\t\t\t\t<div class=\"mprm-row\">\n\t\t\t\t<div class=\"mprm-remove-hentry mprm-columns mprm-three post-1694 mp_menu_item type-mp_menu_item status-publish has-post-thumbnail mp_menu_category-entrees mprm-theme-mode mp-menu-item\">\n\t\t<img width=\"400\" height=\"300\" src=\"https:\/\/www.hoki-sushi-paris.com\/wp-content\/uploads\/2022\/10\/TA5_takoyaki-400x300.jpg\" class=\"mprm-image\" alt=\"\" loading=\"lazy\" \/>\n\t<div class=\"mprm-content-container mprm-title\">\n\t\t\t\t\t<b>TA5 - Takoyaki (boulettes de poulpe)<\/b>\n\t\t\t<\/div>\n\n\t\t<div class=\"mprm-content-container\">\r\n\t\t\t<div class=\"mprm-price-container\">\r\n\t\t\t\t<span class=\"mprm-price\">&euro;7.90<\/span>\r\n\t\t\t<\/div>\r\n\t\t<\/div>\r\n\t\t<\/div>\n\t\t\t<div class=\"mprm-remove-hentry mprm-columns mprm-three post-1688 mp_menu_item type-mp_menu_item status-publish has-post-thumbnail mp_menu_category-entrees mprm-theme-mode mp-menu-item\">\n\t\t<img width=\"400\" height=\"300\" src=\"https:\/\/www.hoki-sushi-paris.com\/wp-content\/uploads\/2022\/10\/TA2_Potatoes-sucrees-400x300.jpg\" class=\"mprm-image\" alt=\"\" loading=\"lazy\" \/>\n\t<div class=\"mprm-content-container mprm-title\">\n\t\t\t\t\t<b>TA2 - Potatoes sucr\u00e9es maison<\/b>\n\t\t\t<\/div>\n\n\t\t<div class=\"mprm-content-container\">\r\n\t\t\t<div class=\"mprm-price-container\">\r\n\t\t\t\t<span class=\"mprm-price\">&euro;6.50<\/span>\r\n\t\t\t<\/div>\r\n\t\t<\/div>\r\n\t\t<\/div>\n\t\t\t<div class=\"mprm-remove-hentry mprm-columns mprm-three post-1686 mp_menu_item type-mp_menu_item status-publish has-post-thumbnail mp_menu_category-entrees mprm-theme-mode mp-menu-item\">\n\t\t<img width=\"400\" height=\"300\" src=\"https:\/\/www.hoki-sushi-paris.com\/wp-content\/uploads\/2022\/10\/TA1_croquettes-potiron-400x300.jpg\" class=\"mprm-image\" alt=\"\" loading=\"lazy\" \/>\n\t<div class=\"mprm-content-container mprm-title\">\n\t\t\t\t\t<b>TA1 - Croquettes au potiron<\/b>\n\t\t\t<\/div>\n\n\t\t<div class=\"mprm-content-container\">\r\n\t\t\t<div class=\"mprm-price-container\">\r\n\t\t\t\t<span class=\"mprm-price\">&euro;6.50<\/span>\r\n\t\t\t<\/div>\r\n\t\t<\/div>\r\n\t\t<\/div>\n\t\t\t<div class=\"mprm-remove-hentry mprm-columns mprm-three post-1690 mp_menu_item type-mp_menu_item status-publish has-post-thumbnail mp_menu_category-entrees mprm-theme-mode mp-menu-item\">\n\t\t<img width=\"400\" height=\"300\" src=\"https:\/\/www.hoki-sushi-paris.com\/wp-content\/uploads\/2022\/10\/TA3_tofos-frits-400x300.jpg\" class=\"mprm-image\" alt=\"\" loading=\"lazy\" \/>\n\t<div class=\"mprm-content-container mprm-title\">\n\t\t\t\t\t<b>TA3 - Tofos frits<\/b>\n\t\t\t<\/div>\n\n\t\t<div class=\"mprm-content-container\">\r\n\t\t\t<div class=\"mprm-price-container\">\r\n\t\t\t\t<span class=\"mprm-price\">&euro;5.50<\/span>\r\n\t\t\t<\/div>\r\n\t\t<\/div>\r\n\t\t<\/div>\n\t\t\t\t<\/div>\n\t\t\t\t\t<div class=\"mprm-row\">\n\t\t\t\t<div class=\"mprm-remove-hentry mprm-columns mprm-three post-1692 mp_menu_item type-mp_menu_item status-publish has-post-thumbnail mp_menu_category-entrees mprm-theme-mode mp-menu-item\">\n\t\t<img width=\"400\" height=\"300\" src=\"https:\/\/www.hoki-sushi-paris.com\/wp-content\/uploads\/2022\/10\/TA4_nugget-poulet-frit-400x300.jpg\" class=\"mprm-image\" alt=\"\" loading=\"lazy\" \/>\n\t<div class=\"mprm-content-container mprm-title\">\n\t\t\t\t\t<b>TA4 - Nugget poulet frit<\/b>\n\t\t\t<\/div>\n\n\t\t<div class=\"mprm-content-container\">\r\n\t\t\t<div class=\"mprm-price-container\">\r\n\t\t\t\t<span class=\"mprm-price\">&euro;6.50<\/span>\r\n\t\t\t<\/div>\r\n\t\t<\/div>\r\n\t\t<\/div>\n\t\t\t\t<\/div>\n\t\t<\/div>\n","protected":false},"excerpt":{"rendered":"","protected":false},"author":1,"featured_media":1144,"parent":29,"menu_order":0,"comment_status":"closed","ping_status":"closed","template":"","meta":[],"_links":{"self":[{"href":"https:\/\/www.hoki-sushi-paris.com\/index.php\/wp-json\/wp\/v2\/pages\/1287"}],"collection":[{"href":"https:\/\/www.hoki-sushi-paris.com\/index.php\/wp-json\/wp\/v2\/pages"}],"about":[{"href":"https:\/\/www.hoki-sushi-paris.com\/index.php\/wp-json\/wp\/v2\/types\/page"}],"author":[{"embeddable":true,"href":"https:\/\/www.hoki-sushi-paris.com\/index.php\/wp-json\/wp\/v2\/users\/1"}],"replies":[{"embeddable":true,"href":"https:\/\/www.hoki-sushi-paris.com\/index.php\/wp-json\/wp\/v2\/comments?post=1287"}],"version-history":[{"count":2,"href":"https:\/\/www.hoki-sushi-paris.com\/index.php\/wp-json\/wp\/v2\/pages\/1287\/revisions"}],"predecessor-version":[{"id":1354,"href":"https:\/\/www.hoki-sushi-paris.com\/index.php\/wp-json\/wp\/v2\/pages\/1287\/revisions\/1354"}],"up":[{"embeddable":true,"href":"https:\/\/www.hoki-sushi-paris.com\/index.php\/wp-json\/wp\/v2\/pages\/29"}],"wp:featuredmedia":[{"embeddable":true,"href":"https:\/\/www.hoki-sushi-paris.com\/index.php\/wp-json\/wp\/v2\/media\/1144"}],"wp:attachment":[{"href":"https:\/\/www.hoki-sushi-paris.com\/index.php\/wp-json\/wp\/v2\/media?parent=1287"}],"curies":[{"name":"wp","href":"https:\/\/api.w.org\/{rel}","templated":true}]}}